{"id":50,"date":"2021-02-21T12:33:28","date_gmt":"2021-02-21T11:33:28","guid":{"rendered":"http:\/\/chaletdusoldat.ch\/?page_id=50"},"modified":"2024-12-09T21:10:45","modified_gmt":"2024-12-09T20:10:45","slug":"anreise-lage","status":"publish","type":"page","link":"https:\/\/chaletdusoldat.ch\/de\/reservation-buchung-preise\/anreise-lage\/","title":{"rendered":"Anreise Lage"},"content":{"rendered":"\n<p>Verschiedene Anreisem\u00f6glichkeiten und Zustiege<\/p>\n\n\n\n<p><strong>Lage \/ Koordinaten<\/strong><br>CH1903 \/ LV03: 586579 \/ 158375 (<a rel=\"noreferrer noopener\" href=\"http:\/\/map.geo.admin.ch\/?crosshair=bowl&amp;Y=586577.5&amp;X=158380&amp;zoom=9&amp;bgLayer=ch.swisstopo.pixelkarte-farbe&amp;time_current=latest&amp;lang=de\" target=\"_blank\">map.geo.admin.ch<\/a>)<br>WGS 84 (lat, \u00b0N \/ lon, \u00b0E): 46.57656 \/ 7.26354 (<a rel=\"noreferrer noopener\" href=\"http:\/\/www.openstreetmap.org\/search?query=46.57656%207.26354#map=17\/46.57656\/7.26354\" target=\"_blank\">openstreetmap.org<\/a> oder <a rel=\"noreferrer noopener\" href=\"http:\/\/map.search.ch\/586579,158375\" target=\"_blank\">search.ch<\/a>)<br>H\u00f6he: 1752 m \u00fc.M.<\/p>\n\n\n\n<p><strong>Lageplan Total<\/strong><\/p>\n\n\n\n<figure class=\"wp-block-image size-large\"><img loading=\"lazy\" decoding=\"async\" width=\"1024\" height=\"540\" src=\"http:\/\/chaletdusoldat.ch\/wp-content\/uploads\/2021\/02\/chalet_du_soldat_map_total-1024x540.png\" alt=\"\" class=\"wp-image-51\" srcset=\"https:\/\/chaletdusoldat.ch\/wp-content\/uploads\/2021\/02\/chalet_du_soldat_map_total-1024x540.png 1024w, https:\/\/chaletdusoldat.ch\/wp-content\/uploads\/2021\/02\/chalet_du_soldat_map_total-300x158.png 300w, https:\/\/chaletdusoldat.ch\/wp-content\/uploads\/2021\/02\/chalet_du_soldat_map_total-768x405.png 768w, https:\/\/chaletdusoldat.ch\/wp-content\/uploads\/2021\/02\/chalet_du_soldat_map_total.png 1074w\" sizes=\"auto, (max-width: 1024px) 100vw, 1024px\" \/><\/figure>\n\n\n\n<p><strong>Detailpl\u00e4ne Norden und S\u00fcden<\/strong><\/p>\n\n\n\n<figure class=\"wp-block-image size-large\"><img loading=\"lazy\" decoding=\"async\" width=\"675\" height=\"666\" src=\"http:\/\/chaletdusoldat.ch\/wp-content\/uploads\/2021\/02\/chalet_du_soldat_map_nord.png\" alt=\"\" class=\"wp-image-54\" srcset=\"https:\/\/chaletdusoldat.ch\/wp-content\/uploads\/2021\/02\/chalet_du_soldat_map_nord.png 675w, https:\/\/chaletdusoldat.ch\/wp-content\/uploads\/2021\/02\/chalet_du_soldat_map_nord-300x296.png 300w\" sizes=\"auto, (max-width: 675px) 100vw, 675px\" \/><\/figure>\n\n\n\n<figure class=\"wp-block-image size-large\"><img loading=\"lazy\" decoding=\"async\" width=\"500\" height=\"635\" src=\"http:\/\/chaletdusoldat.ch\/wp-content\/uploads\/2021\/02\/chalet_du_soldat_map_sued.png\" alt=\"\" class=\"wp-image-57\" srcset=\"https:\/\/chaletdusoldat.ch\/wp-content\/uploads\/2021\/02\/chalet_du_soldat_map_sued.png 500w, https:\/\/chaletdusoldat.ch\/wp-content\/uploads\/2021\/02\/chalet_du_soldat_map_sued-236x300.png 236w\" sizes=\"auto, (max-width: 500px) 100vw, 500px\" \/><\/figure>\n\n\n\n<p><strong>Anreise im Sommer<\/strong><\/p>\n\n\n\n<p>\u00d6ffentliche Verkehrsmitteln:<br>Routenplanung bis <a rel=\"noreferrer noopener\" href=\"http:\/\/route.search.ch\/jaun\/dorfplatz-haltestelle\" target=\"_blank\">Jaun, Dorfplatz<\/a>, <a rel=\"noreferrer noopener\" href=\"http:\/\/route.search.ch\/jaun\/kappelboden-haltestelle\" target=\"_blank\">Jaun, Kappelboden<\/a> oder <a rel=\"noreferrer noopener\" href=\"http:\/\/route.search.ch\/im-fang\/dorf-haltestelle\" target=\"_blank\">Im Fang, Dorf<\/a>:<\/p>\n\n\n\n<p>Zu Fuss ab <strong>Jaun, Dorfplatz<\/strong> (1015 m \u00fc.M.):<br>Die sch\u00f6ne Sommertour startet ab Jaun kurz hinunter zum Jaunbach, am Wasserfall vorbei (welcher direkt aus der Felswand kommt). Ein kurzer Aufstieg durch den Wald f\u00fchrt zur Fahrstrasse hoch, welcher dann bergauf gefolgt werden kann. \u00dcber den Sommerparkplatz folgen Sie dann weiter dem Fahrweg bis zum Chalet du Soldat. Kalkulieren Sie hierf\u00fcr ca. 2 bis 3 Stunden Wanderzeit ein. Diese Route bietet Ihnen eine tolle Aussicht w\u00e4hrend des Aufstieges auf die Gebirgskette der Gastlosen.<\/p>\n\n\n\n<p>Zu Fuss ab <strong>Jaun, Kappelboden<\/strong> (1021 m \u00fc.M.):<br>Der bequemste Aufstieg im Sommer startet ab Kappelboden und f\u00fchrt der Fahrstrasse entlang. Vorbei an der Talstation des Gastlosen-Express (Seilbahn) <a href=\"https:\/\/www.jaun-bergbahnen.ch\">https:\/\/www.jaun-bergbahnen.ch<\/a>, \u00fcber den Sommerparkplatz, der Fahrstrasse folgend bis zum Chalet du Soldat. Kalkulieren Sie hierf\u00fcr ca. 2 bis 3 Stunden Wanderzeit ein. Diese Route bietet Ihnen eine tolle Aussicht w\u00e4hrend des Aufstieges auf die Gebirgskette der Gastlosen.<br>Option: Der Sessellift &#8222;Gastlosen-Express&#8220; bef\u00f6rdert Sie auf 1570 m \u00fc.M. \/ Wanderzeit ab Bergstation ca. 1 bis 1 1\/2 Stunden.<\/p>\n\n\n\n<p>Zu Fuss ab <strong>Im Fang, Dorf<\/strong> (930 m \u00fc.M.):<br>Diese Route ist etwas schwieriger und meistens f\u00fchrt der Wanderweg \u00fcber Alpwiesen und Weiden. Auch bei dieser Variante bietet Ihnen die Umgebung tolle Eindr\u00fccke und Aussicht auf die Gastlosen.<\/p>\n\n\n\n<p>Streckenzeiten (ohne Pausen):<br>Rellerligrat &#8211; Grubenbergh\u00fctte SAC: 2 Std. 30 Min.<br>Grubenbergh\u00fctte SAC &#8211; Wolfs Ort &#8211; Chalet du Soldat: 1 Std. 30 Min.<\/p>\n\n\n\n<p><strong>Anreise im Winter<\/strong><\/p>\n\n\n\n<p>Zu Fuss ab Jaun:<br>Der sicherste Zustieg im Winter startet ab Jaun. Mit Schneeschuhen oder Touren-Skis kann der Aufstieg, \u00fcber die markierte Route, in ca. 2 1\/2 Stunden bis 3 Stunden bew\u00e4ltigt werden.<br>Als Option bietet sich hier auch die Seilbahn Gastlosen-Express an. Bei der Bergstation rechts dem Forstweg bis auf den Schneeschuh-Pfad folgen, welcher dann zum Chalet f\u00fchrt. F\u00fcr diese Route muss ca. 1 bis 1 1\/2 Stunden Aufstiegszeit kalkuliert werden.<\/p>\n","protected":false},"excerpt":{"rendered":"<p>Verschiedene Anreisem\u00f6glichkeiten und Zustiege Lage \/ KoordinatenCH1903 \/ LV03: 586579 \/ 158375 (map.geo.admin.ch)WGS 84 (lat, \u00b0N \/ lon, \u00b0E): 46.57656 \/ 7.26354 (openstreetmap.org oder search.ch)H\u00f6he:<\/p>\n<p><a href=\"https:\/\/chaletdusoldat.ch\/de\/reservation-buchung-preise\/anreise-lage\/\" class=\"more-link\">Read More<span class=\"screen-reader-text\">Anreise Lage<\/span><\/a><\/p>\n","protected":false},"author":1,"featured_media":0,"parent":37,"menu_order":2,"comment_status":"closed","ping_status":"closed","template":"","meta":{"footnotes":""},"class_list":["post-50","page","type-page","status-publish","hentry"],"_links":{"self":[{"href":"https:\/\/chaletdusoldat.ch\/de\/wp-json\/wp\/v2\/pages\/50","targetHints":{"allow":["GET"]}}],"collection":[{"href":"https:\/\/chaletdusoldat.ch\/de\/wp-json\/wp\/v2\/pages"}],"about":[{"href":"https:\/\/chaletdusoldat.ch\/de\/wp-json\/wp\/v2\/types\/page"}],"author":[{"embeddable":true,"href":"https:\/\/chaletdusoldat.ch\/de\/wp-json\/wp\/v2\/users\/1"}],"replies":[{"embeddable":true,"href":"https:\/\/chaletdusoldat.ch\/de\/wp-json\/wp\/v2\/comments?post=50"}],"version-history":[{"count":3,"href":"https:\/\/chaletdusoldat.ch\/de\/wp-json\/wp\/v2\/pages\/50\/revisions"}],"predecessor-version":[{"id":1382,"href":"https:\/\/chaletdusoldat.ch\/de\/wp-json\/wp\/v2\/pages\/50\/revisions\/1382"}],"up":[{"embeddable":true,"href":"https:\/\/chaletdusoldat.ch\/de\/wp-json\/wp\/v2\/pages\/37"}],"wp:attachment":[{"href":"https:\/\/chaletdusoldat.ch\/de\/wp-json\/wp\/v2\/media?parent=50"}],"curies":[{"name":"wp","href":"https:\/\/api.w.org\/{rel}","templated":true}]}}