{"id":33,"date":"2021-02-21T11:47:38","date_gmt":"2021-02-21T10:47:38","guid":{"rendered":"http:\/\/chaletdusoldat.ch\/?page_id=33"},"modified":"2025-06-30T20:59:00","modified_gmt":"2025-06-30T18:59:00","slug":"chalet-du-soldat","status":"publish","type":"page","link":"https:\/\/chaletdusoldat.ch\/de\/","title":{"rendered":"Soldatenhaus"},"content":{"rendered":"\n<pre class=\"wp-block-preformatted\"><strong><kbd>Im 2025 wird das Soldatenhaus 80 j\u00e4hrig.<br>Volksfest am Sonntag, 7. September!<\/kbd><\/strong> \ud83d\udc4d<\/pre>\n\n\n\n<p class=\"has-black-color has-orange-background-color has-text-color has-background has-link-color wp-elements-70d538e6885662d2d45d40c05e10c121\" style=\"font-size:27px\"><strong>\u00d6ffnungszeiten Gastlosenexpress (Seilbahn) unter www.jaun-bergbahnen.ch<\/strong><\/p>\n\n\n\n<p class=\"has-black-color has-green-background-color has-text-color has-background has-link-color has-larger-font-size wp-elements-feb7d626847fe78c8339117e92ca2698\">Im Sommer ist das Soldatenhaus jeden Tag ge\u00f6ffnet vom 1. Juni bis 2. November 2025. Wir freuen uns auf Ihren Besuch! F\u00fcr weitere Ausk\u00fcnfte kontaktieren Sie Guy Maradan: 079 \/ 326 03 35.<\/p>\n\n\n\n<p><\/p>\n","protected":false},"excerpt":{"rendered":"<p>Im 2025 wird das Soldatenhaus 80 j\u00e4hrig.Volksfest am Sonntag, 7. September! \ud83d\udc4d \u00d6ffnungszeiten Gastlosenexpress (Seilbahn) unter www.jaun-bergbahnen.ch Im Sommer ist das Soldatenhaus jeden Tag ge\u00f6ffnet<\/p>\n<p><a href=\"https:\/\/chaletdusoldat.ch\/de\/\" class=\"more-link\">Read More<span class=\"screen-reader-text\">Soldatenhaus<\/span><\/a><\/p>\n","protected":false},"author":1,"featured_media":0,"parent":0,"menu_order":1,"comment_status":"closed","ping_status":"closed","template":"","meta":{"footnotes":""},"class_list":["post-33","page","type-page","status-publish","hentry"],"_links":{"self":[{"href":"https:\/\/chaletdusoldat.ch\/de\/wp-json\/wp\/v2\/pages\/33","targetHints":{"allow":["GET"]}}],"collection":[{"href":"https:\/\/chaletdusoldat.ch\/de\/wp-json\/wp\/v2\/pages"}],"about":[{"href":"https:\/\/chaletdusoldat.ch\/de\/wp-json\/wp\/v2\/types\/page"}],"author":[{"embeddable":true,"href":"https:\/\/chaletdusoldat.ch\/de\/wp-json\/wp\/v2\/users\/1"}],"replies":[{"embeddable":true,"href":"https:\/\/chaletdusoldat.ch\/de\/wp-json\/wp\/v2\/comments?post=33"}],"version-history":[{"count":10,"href":"https:\/\/chaletdusoldat.ch\/de\/wp-json\/wp\/v2\/pages\/33\/revisions"}],"predecessor-version":[{"id":1489,"href":"https:\/\/chaletdusoldat.ch\/de\/wp-json\/wp\/v2\/pages\/33\/revisions\/1489"}],"wp:attachment":[{"href":"https:\/\/chaletdusoldat.ch\/de\/wp-json\/wp\/v2\/media?parent=33"}],"curies":[{"name":"wp","href":"https:\/\/api.w.org\/{rel}","templated":true}]}}