{"id":26,"date":"2021-02-21T11:42:07","date_gmt":"2021-02-21T10:42:07","guid":{"rendered":"http:\/\/chaletdusoldat.ch\/?page_id=26"},"modified":"2021-03-03T08:29:56","modified_gmt":"2021-03-03T07:29:56","slug":"datenschutz","status":"publish","type":"page","link":"https:\/\/chaletdusoldat.ch\/de\/impressum\/datenschutz\/","title":{"rendered":"Datenschutz"},"content":{"rendered":"\n<p>Wir freuen uns \u00fcber Ihr Interesse an unserer Webseite. Der Schutz der Privatsph\u00e4re unserer Kunden ist uns sehr wichtig. Im Folgenden legen wir dar, nach welchen Grunds\u00e4tzen wir diese Webseite betreiben und welche Personendaten wir sammeln und bearbeiten.<\/p>\n\n\n\n<p>Grunds\u00e4tzlich halten wir uns an die Gesetzte der Schweizerischen Eidgenossenschaft, sowie an alle Weisungen, Reglemente und Vorschriften unseres Berufsstandes. Wir verzichten darum hier auf die Aufz\u00e4hlung und Darlegung Ihrer und unserer Rechten und Pflichten, welche der landes\u00fcblichen Gesetzgebung und damit auch dem Datenschutz unterstehen und erl\u00e4utern hier lediglich die Punkte welche unsere Webseite betreffen.<\/p>\n\n\n\n<p>Diese Webseite beinhaltet die M\u00f6glichkeit uns per E-Mail zu kontaktieren. Die an uns \u00fcbermittelten personenbezogenen Daten werden aufgezeichnet und f\u00fcr im Rahmen der Kundenbeziehung gespeichert und bearbeitet. Insbesondere wird Ihr Vorname, Name, Ihre Funktion im Unternehmen, Ihre Unternehmensanschrift, Ihre Telefonnummer, Ihre E-Mailadresse und weitere uns \u00fcbermittelte Angaben in Kundendossiers abgelegt. Diese Daten werden im Rahmen eines Mandates f\u00fcr die Dauer der Zusammenarbeit und gem\u00e4ss den gesetzlichen Vorgaben f\u00fcr mindestens zehn Jahre bei uns gespeichert. Die erfassten personenbezogenen \/ pers\u00f6nlichen Daten, werden nicht an Dritte weitergeleitet und auch nicht Dritten zug\u00e4nglich gemacht. Verweise zu fremden Websites erfolgen technisch explizit ohne Redirect oder Proxy.<\/p>\n\n\n\n<p>Sofern technische Nutzungsprotokolle gef\u00fchrt werden, erfolgt dies strikt ohne Personenbezug und lediglich im Rahmen des f\u00fcr den ordentlichen technischen Betrieb dieser Website erforderlichen Rahmen, gem. RFC-6302 des IETF.<\/p>\n\n\n\n<p>Die Gewinnung von Nutzungsstatistiken aus technischen Nutzungsprotokollen erfolgt ebenfalls strikt ohne Personenbezug. Sofern Cookies angeboten werden, dienen diese allein zur technischen Optimierung der Auslieferung der Webinhalte.<\/p>\n\n\n\n<p>Es erfolgt keinerlei Verkn\u00fcpfung mit Logdaten oder gar Weitergabe. Die SSL\/TLS-Verschl\u00fcsselung erfolgt mittels mindestens dem Stand der Technik entsprechenden Krypto-Standards. Die x509 Zertifizierungsinstanz hat ihren Sitz in Deutschland.<\/p>\n\n\n\n<p>Die Europ\u00e4ische Kommission stellt eine Plattform zur Online-Streitbeilegung (OS) bereit, die Sie hier finden https:\/\/ec.europa.eu\/consumers\/odr\/. Zur Teilnahme an einem Streitbeilegungsverfahren vor einer Verbraucherschlichtungsstelle sind wir nicht verpflichtet und nicht bereit.<\/p>\n","protected":false},"excerpt":{"rendered":"<p>Wir freuen uns \u00fcber Ihr Interesse an unserer Webseite. Der Schutz der Privatsph\u00e4re unserer Kunden ist uns sehr wichtig. Im Folgenden legen wir dar, nach<\/p>\n<p><a href=\"https:\/\/chaletdusoldat.ch\/de\/impressum\/datenschutz\/\" class=\"more-link\">Read More<span class=\"screen-reader-text\">Datenschutz<\/span><\/a><\/p>\n","protected":false},"author":1,"featured_media":0,"parent":31,"menu_order":3,"comment_status":"closed","ping_status":"closed","template":"","meta":{"footnotes":""},"class_list":["post-26","page","type-page","status-publish","hentry"],"_links":{"self":[{"href":"https:\/\/chaletdusoldat.ch\/de\/wp-json\/wp\/v2\/pages\/26","targetHints":{"allow":["GET"]}}],"collection":[{"href":"https:\/\/chaletdusoldat.ch\/de\/wp-json\/wp\/v2\/pages"}],"about":[{"href":"https:\/\/chaletdusoldat.ch\/de\/wp-json\/wp\/v2\/types\/page"}],"author":[{"embeddable":true,"href":"https:\/\/chaletdusoldat.ch\/de\/wp-json\/wp\/v2\/users\/1"}],"replies":[{"embeddable":true,"href":"https:\/\/chaletdusoldat.ch\/de\/wp-json\/wp\/v2\/comments?post=26"}],"version-history":[{"count":2,"href":"https:\/\/chaletdusoldat.ch\/de\/wp-json\/wp\/v2\/pages\/26\/revisions"}],"predecessor-version":[{"id":451,"href":"https:\/\/chaletdusoldat.ch\/de\/wp-json\/wp\/v2\/pages\/26\/revisions\/451"}],"up":[{"embeddable":true,"href":"https:\/\/chaletdusoldat.ch\/de\/wp-json\/wp\/v2\/pages\/31"}],"wp:attachment":[{"href":"https:\/\/chaletdusoldat.ch\/de\/wp-json\/wp\/v2\/media?parent=26"}],"curies":[{"name":"wp","href":"https:\/\/api.w.org\/{rel}","templated":true}]}}