{"id":228,"date":"2021-02-21T13:23:10","date_gmt":"2021-02-21T12:23:10","guid":{"rendered":"http:\/\/chaletdusoldat.ch\/?page_id=228"},"modified":"2021-02-26T16:36:53","modified_gmt":"2021-02-26T15:36:53","slug":"touren-aktivitaeten","status":"publish","type":"page","link":"https:\/\/chaletdusoldat.ch\/de\/chalet-du-soldat\/touren-aktivitaeten\/","title":{"rendered":"Touren Aktivit\u00e4ten"},"content":{"rendered":"\n<p>Vorschl\u00e4ge und M\u00f6glichkeiten rund um die Gastlosen<\/p>\n\n\n\n<p><strong>Ganzjahres Touren \/ Vorschl\u00e4ge<\/strong><\/p>\n\n\n\n<p>Ein grossartiger Schulausflug, die Klassenwanderung oder gar ein Mini-Klassenlager w\u00e4re bei uns m\u00f6glich. Eine grossartige Umgebung, sichere Wege und viel Abenteuer waren auf Sie und Ihre Kinder.<\/p>\n\n\n\n<p><strong>Firma, Verein, Club, Freunde<\/strong><\/p>\n\n\n\n<p>F\u00fcr Ihren Betriebsausflug, die Klassenzusammenkunft, die Vereins- oder Club-Reise bietet nicht nur die Umgebung eine grossartige Kulisse, sonder auch das Kulinarische kommt sicher nicht zu kurz. Lassen Sie sich von uns beraten und inspirieren.<\/p>\n\n\n\n<p><strong>Familien- oder Romantik-Wochenende<\/strong><\/p>\n\n\n\n<p>G\u00f6nnen Sie sich, Ihrer Familie oder nur zu Zweit ein Wochenende mit Bewegung, Aussicht und viel Zeit zum Geniessen und Entspannen.<\/p>\n\n\n\n<p><strong>Sommer-Tipps<\/strong><\/p>\n\n\n\n<p>Das Chalet ist aus zwei Richtungen erreichbar. Entweder von Im-Fang aus, durch das Tal Petit-Mont oder von Jaun aus, \u00fcber Sattelbach.<\/p>\n\n\n\n<p>F\u00fcr die Tour des Gastlosen ben\u00f6tigen Sie ca. 4 &#8211; 5 Stunden Wanderzeit. Detailierte Informationen zu dieser Tour finden Sie auf der <a rel=\"noreferrer noopener\" href=\"http:\/\/tourismus.jaun.ch\/index.php?lang=de&amp;page=38\" target=\"_blank\">Wanderseite von Jaun Tourismus.<\/a><\/p>\n\n\n\n<p><strong>Geologie-Pfad<\/strong><\/p>\n\n\n\n<p>Auf dem Geologie-Pfad l\u00e4sst sich in rund 2 Stunden Wanderzeit der geologische Reichtum der Region entdecken. Die Gastlosen-Kette und der Felsen Roter Sattel sind im Inventar Geotope von nationaler Bedeutung gelistet. Eine entsprechende Brosch\u00fcre kann bei uns oder im Tourismusb\u00fcro Jaun bezogen werden. Erg\u00e4nzend ist die <a rel=\"noreferrer noopener\" href=\"http:\/\/www.erlebnis-geologie.ch\/\" target=\"_blank\">Informationsseite des Vereins Erlebnis Geologie<\/a> zu erw\u00e4hnen.<\/p>\n\n\n\n<p>Eine 4-Tages-Wanderung &#8222;Die Magie der Wiese&#8220; ist auf der <a rel=\"noreferrer noopener\" href=\"http:\/\/tourismus.jaun.ch\/index.php?lang=de&amp;page=38\" target=\"_blank\">Wanderseite von Jaun Tourismus<\/a> beschrieben.<\/p>\n\n\n\n<p>Oder geniessen Sie eine der tollen Touren oder Aktivit\u00e4ten in der <a rel=\"noreferrer noopener\" href=\"http:\/\/www.la-gruyere.ch\/de\/aktivitaeten-la-gruyere\/wandern.html\" target=\"_blank\">Region La Gruyere.<\/a><\/p>\n\n\n\n<p>Biken: Das Soldatenhaus liegt genau auf dem \u00dcbergang von Jaun oder Charmey. Ein perfekter Ort f\u00fcr eine Pause.<\/p>\n\n\n\n<p>Klettern: Mehr als 800 Routen in 1450 Seill\u00e4ngen und 54 Sektoren aufgeteilt bieten tolle Herausforderungen im Kalkstein. Entsprechende Kletter-Topo&#8217;s k\u00f6nnen bei uns gekauft werden.<\/p>\n\n\n\n<p><strong>Winter-Empfehlungen<\/strong><\/p>\n\n\n\n<p>Von Jaun aus gelangen Sie \u00fcber die Strasse oder den Schneeschuh-Trail zu uns. Wenn Sie etwas weniger Auf- oder Abstiegsmeter machen m\u00f6chten, bietet sich der Sessellift Jaun als bequeme M\u00f6glichkeit an.<\/p>\n\n\n\n<p>F\u00fcr Schneeschuh-Wanderer sind die Skih\u00fctte Petit-Mont, Grosshandel-Mount oder die H\u00fctte Grubenberg, der Aufstieg auf die Hochmatt oder jener auf die Wandfluh zu nennen. Beachten Sie aber unbedingt die lokalen Wetter- und Schneeverh\u00e4ltnisse und seinen Sie entsprechend gut ausger\u00fcstet.<\/p>\n","protected":false},"excerpt":{"rendered":"<p>Vorschl\u00e4ge und M\u00f6glichkeiten rund um die Gastlosen Ganzjahres Touren \/ Vorschl\u00e4ge Ein grossartiger Schulausflug, die Klassenwanderung oder gar ein Mini-Klassenlager w\u00e4re bei uns m\u00f6glich. Eine<\/p>\n<p><a href=\"https:\/\/chaletdusoldat.ch\/de\/chalet-du-soldat\/touren-aktivitaeten\/\" class=\"more-link\">Read More<span class=\"screen-reader-text\">Touren Aktivit\u00e4ten<\/span><\/a><\/p>\n","protected":false},"author":1,"featured_media":0,"parent":33,"menu_order":3,"comment_status":"closed","ping_status":"closed","template":"","meta":{"footnotes":""},"class_list":["post-228","page","type-page","status-publish","hentry"],"_links":{"self":[{"href":"https:\/\/chaletdusoldat.ch\/de\/wp-json\/wp\/v2\/pages\/228","targetHints":{"allow":["GET"]}}],"collection":[{"href":"https:\/\/chaletdusoldat.ch\/de\/wp-json\/wp\/v2\/pages"}],"about":[{"href":"https:\/\/chaletdusoldat.ch\/de\/wp-json\/wp\/v2\/types\/page"}],"author":[{"embeddable":true,"href":"https:\/\/chaletdusoldat.ch\/de\/wp-json\/wp\/v2\/users\/1"}],"replies":[{"embeddable":true,"href":"https:\/\/chaletdusoldat.ch\/de\/wp-json\/wp\/v2\/comments?post=228"}],"version-history":[{"count":2,"href":"https:\/\/chaletdusoldat.ch\/de\/wp-json\/wp\/v2\/pages\/228\/revisions"}],"predecessor-version":[{"id":349,"href":"https:\/\/chaletdusoldat.ch\/de\/wp-json\/wp\/v2\/pages\/228\/revisions\/349"}],"up":[{"embeddable":true,"href":"https:\/\/chaletdusoldat.ch\/de\/wp-json\/wp\/v2\/pages\/33"}],"wp:attachment":[{"href":"https:\/\/chaletdusoldat.ch\/de\/wp-json\/wp\/v2\/media?parent=228"}],"curies":[{"name":"wp","href":"https:\/\/api.w.org\/{rel}","templated":true}]}}